{"id":943,"date":"2022-11-11T09:36:49","date_gmt":"2022-11-11T08:36:49","guid":{"rendered":"http:\/\/duoprom.es\/?page_id=943"},"modified":"2022-11-21T16:00:09","modified_gmt":"2022-11-21T15:00:09","slug":"rechtlicher-hinweis","status":"publish","type":"page","link":"https:\/\/plan4x4.com\/de\/rechtlicher-hinweis\/","title":{"rendered":"Rechtlicher Hinweis"},"content":{"rendered":"<h1>Rechtlicher Hinweis<\/h1>\n<ol start=\"2\">\n<li>\n<h3>Objekt<\/h3>\n<p>Dieser rechtliche Hinweis regelt die Nutzung und Nutzung der Website <a href=\"https:\/\/plan4x4.com\/de\/\">www.plan4x4.es<\/a>, Eigentum von Plan4x4 LTD(im Folgenden DER EIGENT\u00dcMER DER WEB).<\/p>\n<p>Durch das Surfen auf der Website des EIGENT\u00dcMERS DER WEB wird die Bedingung des BENUTZERS zuerkannt und impliziert die vollst\u00e4ndige und vorbehaltlose Annahme aller in diesem rechtlichen Hinweis ver\u00f6ffentlichten Bedingungen, wobei darauf hingewiesen wird, dass diese Bedingungen ohne vorherige Benachrichtigung durch den EIGENT\u00dcMER ge\u00e4ndert werden k\u00f6nnen THE WEB, in diesem Fall wird es so fr\u00fch wie m\u00f6glich ver\u00f6ffentlicht und benachrichtigt.<\/p>\n<p>Aus diesem Grund ist es ratsam, den Inhalt sorgf\u00e4ltig zu lesen, wenn Sie auf die auf dieser Website angebotenen Informationen und Dienste zugreifen und diese nutzen m\u00f6chten.<\/p>\n<p>Der Benutzer verpflichtet sich auch, die Website in \u00dcbereinstimmung mit den Gesetzen, Treu und Glauben, der \u00f6ffentlichen Ordnung, den Verkehrsnutzungen und diesem rechtlichen Hinweis korrekt zu nutzen, und wird dem EIGENT\u00dcMER DER WEBSITE oder Dritten gegen\u00fcber f\u00fcr eventuelle Sch\u00e4den aufkommen durch Verletzung dieser Verpflichtung verursacht werden.<\/p>\n<p>Jede andere als die autorisierte Nutzung ist ausdr\u00fccklich untersagt, und DER EIGENT\u00dcMER DER WEBSITE kann den Zugang und seine Nutzung jederzeit verweigern oder widerrufen.<\/li>\n<li>\n<h3>Ich W\u00fcrde<\/h3>\n<p>DER EIGENT\u00dcMER DER WEBSITE informiert Sie in \u00dcbereinstimmung mit dem Gesetz 34\/2002 vom 11. Juli \u00fcber Dienste der Informationsgesellschaft und des elektronischen Gesch\u00e4ftsverkehrs dar\u00fcber, dass:<\/p>\n<ul>\n<li>Der Firmenname lautet: Plan4x4 LTD<\/li>\n<li>Seine NIF ist: GB337901493<\/li>\n<li>Ihr eingetragener Sitz befindet sich in: C. Segunda, 43, 37188 Carbajosa de la Sagrada, Salamanca<\/li>\n<\/ul>\n<\/li>\n<\/ol>\n<ol start=\"4\">\n<li>\n<h3>Kommunikation<\/h3>\n<p>Um mit uns zu kommunizieren, stellen wir Ihnen verschiedene Kontaktm\u00f6glichkeiten zur Verf\u00fcgung, die wir im Folgenden beschreiben:<\/p>\n<ul>\n<li>Email: <a href=\"mailto:info@plan4x4.com\" target=\"_blank\" rel=\"noopener\">info@plan4x4.com<\/a><\/li>\n<\/ul>\n<p>Alle Benachrichtigungen und Mitteilungen zwischen Benutzern und dem EIGENT\u00dcMER DER WEBSITE gelten f\u00fcr alle Zwecke als wirksam, wenn sie \u00fcber eines der oben beschriebenen Mittel erfolgen.<\/li>\n<li>\n<h3>Zugangs- und Nutzungsbedingungen<\/h3>\n<p>Die Website und ihre Dienste sind kostenlos und frei zug\u00e4nglich. Der EIGENT\u00dcMER DER WEB kann jedoch die Nutzung einiger der auf seiner Website angebotenen Dienste vom vorherigen Ausf\u00fcllen des entsprechenden Formulars abh\u00e4ngig machen.<\/p>\n<p>Der Benutzer garantiert die Authentizit\u00e4t und Aktualit\u00e4t aller dem EIGENT\u00dcMER DER WEB mitgeteilten Daten und ist allein verantwortlich f\u00fcr falsche oder ungenaue Angaben.<\/p>\n<p>Der Benutzer erkl\u00e4rt sich ausdr\u00fccklich damit einverstanden, die Inhalte und Dienste des EIGENT\u00dcMERS DER WEBSITE angemessen zu nutzen und sie unter anderem nicht zu verwenden f\u00fcr:<\/p>\n<ol>\n<li>Verbreiten Sie kriminelle, gewaltt\u00e4tige, pornografische, rassistische, fremdenfeindliche, anst\u00f6\u00dfige Inhalte, die Terrorismus bef\u00fcrworten oder im Allgemeinen gegen das Gesetz oder die \u00f6ffentliche Ordnung versto\u00dfen.<\/li>\n<li>Computerviren in das Netzwerk einschleusen oder Aktionen ausf\u00fchren, die elektronische Dokumente, Daten oder physische und logische Systeme des EIGENT\u00dcMERS DER WEBSITE oder Dritter \u00e4ndern, verderben, unterbrechen oder Fehler oder Sch\u00e4den verursachen k\u00f6nnen; sowie den Zugriff anderer Benutzer auf die Website und ihre Dienste durch den massiven Verbrauch von Computerressourcen zu behindern, \u00fcber die der EIGENT\u00dcMER DER WEB seine Dienste bereitstellt.<\/li>\n<li>Versuchen Sie, auf die E-Mail-Konten anderer Benutzer oder eingeschr\u00e4nkte Bereiche der Computersysteme des EIGENT\u00dcMERS DER WEBSITE oder Dritter zuzugreifen und gegebenenfalls Informationen zu extrahieren.<\/li>\n<li>Verletzung der Rechte an geistigem oder gewerblichem Eigentum sowie Verletzung der Vertraulichkeit der Informationen des EIGENT\u00dcMERS DER WEB oder Dritter.<\/li>\n<li>Sich als die Identit\u00e4t eines anderen Benutzers ausgeben.<\/li>\n<li>Die Inhalte zu vervielf\u00e4ltigen, zu kopieren, zu verbreiten, zur Verf\u00fcgung zu stellen oder in irgendeiner anderen Form \u00f6ffentlich zu kommunizieren, umzuwandeln oder zu modifizieren, es sei denn, Sie haben die Genehmigung des Inhabers der entsprechenden Rechte oder dies ist gesetzlich erlaubt.<\/li>\n<li>Sammeln von Daten f\u00fcr Werbezwecke und zum Versenden von Werbung jeglicher Art und Mitteilungen zu Verkaufszwecken oder anderen kommerziellen Zwecken ohne Ihre vorherige Anfrage oder Zustimmung.<\/li>\n<\/ol>\n<p>Alle Inhalte der Website, wie Texte, Fotos, Grafiken, Bilder, Symbole, Technologie, Software sowie deren Grafikdesign und Quellcodes, stellen ein Werk dar, dessen Eigentum dem EIGENT\u00dcMER DER WEBSITE geh\u00f6rt, ohne dass dies so verstanden wird an den Benutzer \u00fcbertragen, keines der Verwertungsrechte an ihnen \u00fcber das hinaus, was f\u00fcr die korrekte Nutzung des Webs unbedingt erforderlich ist.<\/p>\n<p>Kurz gesagt, Benutzer, die auf diese Website zugreifen, k\u00f6nnen die Inhalte einsehen und gegebenenfalls autorisierte Privatkopien anfertigen, sofern die reproduzierten Elemente nicht anschlie\u00dfend an Dritte \u00fcbertragen oder auf Servern installiert werden, die mit Netzwerken verbunden sind, noch unterliegen keinerlei Ausbeutung.<\/p>\n<p>Ebenso sind alle Warenzeichen, Handelsnamen oder Unterscheidungszeichen jeglicher Art, die auf der Website erscheinen, Eigentum des EIGENT\u00dcMERS DER WEBSITE, ohne dass davon ausgegangen wird, dass die Nutzung oder der Zugriff darauf dem Benutzer irgendwelche Rechte daran verleiht.<\/p>\n<p>Die Verbreitung, Ver\u00e4nderung, \u00dcbertragung oder \u00f6ffentliche Wiedergabe der Inhalte und jede andere Handlung, die nicht ausdr\u00fccklich vom Inhaber der Verwertungsrechte genehmigt wurde, ist untersagt.<\/p>\n<p>Die Einrichtung eines Hyperlinks impliziert in keinem Fall das Bestehen von Beziehungen zwischen dem EIGENT\u00dcMER DER WEBSITE und dem Eigent\u00fcmer der Website, auf der er eingerichtet ist, noch die Annahme und Genehmigung ihrer Inhalte oder Dienstleistungen durch den EIGENT\u00dcMER DER WEBSITE.<\/p>\n<p>DER EIGENT\u00dcMER DER WEBSITE ist nicht verantwortlich f\u00fcr die Nutzung der auf dieser Website zur Verf\u00fcgung gestellten Materialien durch jeden Benutzer oder f\u00fcr die darauf basierenden Aktionen.<\/li>\n<\/ol>\n<ul>\n<li>\n<h4>AUSSCHLUSS VON GARANTIEN UND HAFTUNG BEI ZUGANG UND NUTZUNG<\/h4>\n<p>Der Inhalt dieser Website ist allgemeiner Natur und dient nur zu Informationszwecken, ohne dass der Zugang zu allen Inhalten, ihre Vollst\u00e4ndigkeit, Richtigkeit, G\u00fcltigkeit oder Aktualit\u00e4t oder ihre Eignung oder N\u00fctzlichkeit f\u00fcr einen bestimmten Zweck vollst\u00e4ndig garantiert werden.<\/p>\n<p>Der EIGENT\u00dcMER DER WEB schlie\u00dft, soweit gesetzlich zul\u00e4ssig, jegliche Haftung f\u00fcr Sch\u00e4den jeglicher Art aus, die sich ergeben aus:<\/p>\n<ol>\n<li>Die Unm\u00f6glichkeit des Zugriffs auf die Website oder die fehlende Richtigkeit, Genauigkeit, Vollst\u00e4ndigkeit und\/oder Aktualit\u00e4t der Inhalte sowie das Vorhandensein von Fehlern und M\u00e4ngeln aller Art der \u00fcbermittelten, verbreiteten, gespeicherten, bereitgestellten Inhalte \u00fcber die Website oder die angebotenen Dienste zugegriffen wurde.<\/li>\n<li>Das Vorhandensein von Viren oder anderen Elementen in den Inhalten, die \u00c4nderungen an Computersystemen, elektronischen Dokumenten oder Benutzerdaten verursachen k\u00f6nnen.<\/li>\n<li>Nichteinhaltung der Gesetze, von Treu und Glauben, der \u00f6ffentlichen Ordnung, der Verkehrsnutzung und dieses rechtlichen Hinweises als Folge einer fehlerhaften Nutzung der Website. Insbesondere und beispielsweise ist der EIGENT\u00dcMER DER WEBSITE nicht verantwortlich f\u00fcr Handlungen Dritter, die geistige und gewerbliche Eigentumsrechte, Gesch\u00e4ftsgeheimnisse, Ehrenrechte, pers\u00f6nliche und famili\u00e4re Privatsph\u00e4re und das Bild selbst verletzen, sowie die Vorschriften \u00fcber unlauteren Wettbewerb und unerlaubte Werbung.<\/li>\n<\/ol>\n<p>Ebenso lehnt EIGENT\u00dcMER DER WEB jegliche Verantwortung f\u00fcr Informationen ab, die sich au\u00dferhalb dieser Website befinden und nicht direkt von unserem Webmaster verwaltet werden. Die Funktion der Links, die auf dieser Website erscheinen, besteht ausschlie\u00dflich darin, den Benutzer \u00fcber das Vorhandensein anderer Quellen zu informieren, die in der Lage sind, den von dieser Website angebotenen Inhalt zu erweitern. DER EIGENT\u00dcMER DER WEBSITE garantiert oder \u00fcbernimmt keine Verantwortung f\u00fcr den Betrieb oder die Zug\u00e4nglichkeit der verlinkten Seiten; noch schl\u00e4gt, l\u00e4dt oder empfiehlt es einen Besuch bei ihnen, so dass es nicht f\u00fcr das erzielte Ergebnis verantwortlich ist. EIGENT\u00dcMER DER WEB ist nicht verantwortlich f\u00fcr die Einrichtung von Hyperlinks durch Dritte.<\/li>\n<li>\n<h4>VERFAHREN BEI DER AUSF\u00dcHRUNG ILLEGALER T\u00c4TIGKEITEN<\/h4>\n<p>F\u00fcr den Fall, dass ein Benutzer oder Dritte der Ansicht ist, dass Tatsachen oder Umst\u00e4nde vorliegen, die die illegale Natur der Nutzung von Inhalten und\/oder der Durchf\u00fchrung von Aktivit\u00e4ten auf den Webseiten, die auf der Website enthalten oder \u00fcber die Website zug\u00e4nglich sind, offenbaren, m\u00fcssen sie a Benachrichtigung an den EIGENT\u00dcMER DER WEBSITE, der sich ordnungsgem\u00e4\u00df identifiziert und die mutma\u00dflichen Verst\u00f6\u00dfe angibt.<\/li>\n<li>\n<h4>VER\u00d6FFENTLICHUNGEN<\/h4>\n<p>Die \u00fcber die Website bereitgestellten Verwaltungsinformationen ersetzen nicht die gesetzliche Ver\u00f6ffentlichung der Gesetze, Verordnungen, Pl\u00e4ne, allgemeinen Bestimmungen und Akte, die formell in den offiziellen Zeitungen der \u00f6ffentlichen Verwaltungen ver\u00f6ffentlicht werden m\u00fcssen, die das einzige Dokument darstellen, das ihre Echtheit best\u00e4tigt und Inhalt. Die auf dieser Website verf\u00fcgbaren Informationen sind als Leitfaden ohne Rechtsg\u00fcltigkeitszweck zu verstehen.<\/li>\n<\/ul>\n<ol start=\"5\">\n<li>\n<h3>G\u00fcltige Gesetzgebung<\/h3>\n<p>Die vorliegenden Bedingungen unterliegen der aktuellen spanischen Gesetzgebung.<\/p>\n<p>Die verwendete Sprache wird Spanisch sein.<\/li>\n<\/ol>\n","protected":false},"excerpt":{"rendered":"<p>Rechtlicher Hinweis Objekt Dieser rechtliche Hinweis regelt die Nutzung und Nutzung der Website www.plan4x4.es, Eigentum von Plan4x4 LTD(im Folgenden DER EIGENT\u00dcMER DER WEB). Durch das Surfen auf der Website des EIGENT\u00dcMERS DER WEB wird die Bedingung des BENUTZERS zuerkannt und impliziert die vollst\u00e4ndige und vorbehaltlose Annahme aller in diesem rechtlichen Hinweis ver\u00f6ffentlichten Bedingungen, wobei darauf &hellip;<\/p>\n<p class=\"read-more\"> <a class=\"\" href=\"https:\/\/plan4x4.com\/de\/rechtlicher-hinweis\/\"> <span class=\"screen-reader-text\">Rechtlicher Hinweis<\/span> Read More \u00bb<\/a><\/p>\n","protected":false},"author":9,"featured_media":0,"parent":0,"menu_order":0,"comment_status":"closed","ping_status":"closed","template":"","meta":{"site-sidebar-layout":"default","site-content-layout":"default","ast-global-header-display":"","ast-main-header-display":"","ast-hfb-above-header-display":"","ast-hfb-below-header-display":"","ast-hfb-mobile-header-display":"","site-post-title":"disabled","ast-breadcrumbs-content":"","ast-featured-img":"","footer-sml-layout":"","theme-transparent-header-meta":"default","adv-header-id-meta":"","stick-header-meta":"default","header-above-stick-meta":"","header-main-stick-meta":"","header-below-stick-meta":""},"yoast_head":"<!-- This site is optimized with the Yoast SEO Premium plugin v19.3 (Yoast SEO v19.11) - https:\/\/yoast.com\/wordpress\/plugins\/seo\/ -->\n<title>Rechtlicher Hinweis - Plan4x4<\/title>\n<meta name=\"robots\" content=\"noindex, nofollow\" \/>\n<meta property=\"og:locale\" content=\"de_DE\" \/>\n<meta property=\"og:type\" content=\"article\" \/>\n<meta property=\"og:title\" content=\"Rechtlicher Hinweis\" \/>\n<meta property=\"og:description\" content=\"Rechtlicher Hinweis Objekt Dieser rechtliche Hinweis regelt die Nutzung und Nutzung der Website www.plan4x4.es, Eigentum von Plan4x4 LTD(im Folgenden DER EIGENT\u00dcMER DER WEB). Durch das Surfen auf der Website des EIGENT\u00dcMERS DER WEB wird die Bedingung des BENUTZERS zuerkannt und impliziert die vollst\u00e4ndige und vorbehaltlose Annahme aller in diesem rechtlichen Hinweis ver\u00f6ffentlichten Bedingungen, wobei darauf &hellip; Rechtlicher Hinweis Read More \u00bb\" \/>\n<meta property=\"og:url\" content=\"https:\/\/plan4x4.com\/de\/rechtlicher-hinweis\/\" \/>\n<meta property=\"og:site_name\" content=\"Plan4x4\" \/>\n<meta property=\"article:modified_time\" content=\"2022-11-21T15:00:09+00:00\" \/>\n<meta name=\"twitter:card\" content=\"summary_large_image\" \/>\n<meta name=\"twitter:label1\" content=\"Gesch\u00e4tzte Lesezeit\" \/>\n\t<meta name=\"twitter:data1\" content=\"6\u00a0Minuten\" \/>\n<script type=\"application\/ld+json\" class=\"yoast-schema-graph\">{\"@context\":\"https:\/\/schema.org\",\"@graph\":[{\"@type\":\"WebPage\",\"@id\":\"https:\/\/plan4x4.com\/de\/rechtlicher-hinweis\/\",\"url\":\"https:\/\/plan4x4.com\/de\/rechtlicher-hinweis\/\",\"name\":\"Rechtlicher Hinweis - Plan4x4\",\"isPartOf\":{\"@id\":\"https:\/\/plan4x4.com\/#website\"},\"datePublished\":\"2022-11-11T08:36:49+00:00\",\"dateModified\":\"2022-11-21T15:00:09+00:00\",\"breadcrumb\":{\"@id\":\"https:\/\/plan4x4.com\/de\/rechtlicher-hinweis\/#breadcrumb\"},\"inLanguage\":\"de\",\"potentialAction\":[{\"@type\":\"ReadAction\",\"target\":[\"https:\/\/plan4x4.com\/de\/rechtlicher-hinweis\/\"]}]},{\"@type\":\"BreadcrumbList\",\"@id\":\"https:\/\/plan4x4.com\/de\/rechtlicher-hinweis\/#breadcrumb\",\"itemListElement\":[{\"@type\":\"ListItem\",\"position\":1,\"name\":\"Home\",\"item\":\"https:\/\/plan4x4.com\/de\/\"},{\"@type\":\"ListItem\",\"position\":2,\"name\":\"Rechtlicher Hinweis\"}]},{\"@type\":\"WebSite\",\"@id\":\"https:\/\/plan4x4.com\/#website\",\"url\":\"https:\/\/plan4x4.com\/\",\"name\":\"Plan4x4\",\"description\":\"Plan4x4 LTD | Centro de negocios\",\"publisher\":{\"@id\":\"https:\/\/plan4x4.com\/#organization\"},\"potentialAction\":[{\"@type\":\"SearchAction\",\"target\":{\"@type\":\"EntryPoint\",\"urlTemplate\":\"https:\/\/plan4x4.com\/?s={search_term_string}\"},\"query-input\":\"required name=search_term_string\"}],\"inLanguage\":\"de\"},{\"@type\":\"Organization\",\"@id\":\"https:\/\/plan4x4.com\/#organization\",\"name\":\"Plan4x4\",\"url\":\"https:\/\/plan4x4.com\/\",\"logo\":{\"@type\":\"ImageObject\",\"inLanguage\":\"de\",\"@id\":\"https:\/\/plan4x4.com\/#\/schema\/logo\/image\/\",\"url\":\"https:\/\/plan4x4.com\/wp-content\/uploads\/2022\/10\/plan4x4-logotipo-blanco-rojo.png\",\"contentUrl\":\"https:\/\/plan4x4.com\/wp-content\/uploads\/2022\/10\/plan4x4-logotipo-blanco-rojo.png\",\"width\":1158,\"height\":258,\"caption\":\"Plan4x4\"},\"image\":{\"@id\":\"https:\/\/plan4x4.com\/#\/schema\/logo\/image\/\"}}]}<\/script>\n<!-- \/ Yoast SEO Premium plugin. -->","yoast_head_json":{"title":"Rechtlicher Hinweis - Plan4x4","robots":{"index":"noindex","follow":"nofollow"},"og_locale":"de_DE","og_type":"article","og_title":"Rechtlicher Hinweis","og_description":"Rechtlicher Hinweis Objekt Dieser rechtliche Hinweis regelt die Nutzung und Nutzung der Website www.plan4x4.es, Eigentum von Plan4x4 LTD(im Folgenden DER EIGENT\u00dcMER DER WEB). Durch das Surfen auf der Website des EIGENT\u00dcMERS DER WEB wird die Bedingung des BENUTZERS zuerkannt und impliziert die vollst\u00e4ndige und vorbehaltlose Annahme aller in diesem rechtlichen Hinweis ver\u00f6ffentlichten Bedingungen, wobei darauf &hellip; Rechtlicher Hinweis Read More \u00bb","og_url":"https:\/\/plan4x4.com\/de\/rechtlicher-hinweis\/","og_site_name":"Plan4x4","article_modified_time":"2022-11-21T15:00:09+00:00","twitter_card":"summary_large_image","twitter_misc":{"Gesch\u00e4tzte Lesezeit":"6\u00a0Minuten"},"schema":{"@context":"https:\/\/schema.org","@graph":[{"@type":"WebPage","@id":"https:\/\/plan4x4.com\/de\/rechtlicher-hinweis\/","url":"https:\/\/plan4x4.com\/de\/rechtlicher-hinweis\/","name":"Rechtlicher Hinweis - Plan4x4","isPartOf":{"@id":"https:\/\/plan4x4.com\/#website"},"datePublished":"2022-11-11T08:36:49+00:00","dateModified":"2022-11-21T15:00:09+00:00","breadcrumb":{"@id":"https:\/\/plan4x4.com\/de\/rechtlicher-hinweis\/#breadcrumb"},"inLanguage":"de","potentialAction":[{"@type":"ReadAction","target":["https:\/\/plan4x4.com\/de\/rechtlicher-hinweis\/"]}]},{"@type":"BreadcrumbList","@id":"https:\/\/plan4x4.com\/de\/rechtlicher-hinweis\/#breadcrumb","itemListElement":[{"@type":"ListItem","position":1,"name":"Home","item":"https:\/\/plan4x4.com\/de\/"},{"@type":"ListItem","position":2,"name":"Rechtlicher Hinweis"}]},{"@type":"WebSite","@id":"https:\/\/plan4x4.com\/#website","url":"https:\/\/plan4x4.com\/","name":"Plan4x4","description":"Plan4x4 LTD | Centro de negocios","publisher":{"@id":"https:\/\/plan4x4.com\/#organization"},"potentialAction":[{"@type":"SearchAction","target":{"@type":"EntryPoint","urlTemplate":"https:\/\/plan4x4.com\/?s={search_term_string}"},"query-input":"required name=search_term_string"}],"inLanguage":"de"},{"@type":"Organization","@id":"https:\/\/plan4x4.com\/#organization","name":"Plan4x4","url":"https:\/\/plan4x4.com\/","logo":{"@type":"ImageObject","inLanguage":"de","@id":"https:\/\/plan4x4.com\/#\/schema\/logo\/image\/","url":"https:\/\/plan4x4.com\/wp-content\/uploads\/2022\/10\/plan4x4-logotipo-blanco-rojo.png","contentUrl":"https:\/\/plan4x4.com\/wp-content\/uploads\/2022\/10\/plan4x4-logotipo-blanco-rojo.png","width":1158,"height":258,"caption":"Plan4x4"},"image":{"@id":"https:\/\/plan4x4.com\/#\/schema\/logo\/image\/"}}]}},"_links":{"self":[{"href":"https:\/\/plan4x4.com\/de\/wp-json\/wp\/v2\/pages\/943"}],"collection":[{"href":"https:\/\/plan4x4.com\/de\/wp-json\/wp\/v2\/pages"}],"about":[{"href":"https:\/\/plan4x4.com\/de\/wp-json\/wp\/v2\/types\/page"}],"author":[{"embeddable":true,"href":"https:\/\/plan4x4.com\/de\/wp-json\/wp\/v2\/users\/9"}],"replies":[{"embeddable":true,"href":"https:\/\/plan4x4.com\/de\/wp-json\/wp\/v2\/comments?post=943"}],"version-history":[{"count":0,"href":"https:\/\/plan4x4.com\/de\/wp-json\/wp\/v2\/pages\/943\/revisions"}],"wp:attachment":[{"href":"https:\/\/plan4x4.com\/de\/wp-json\/wp\/v2\/media?parent=943"}],"curies":[{"name":"wp","href":"https:\/\/api.w.org\/{rel}","templated":true}]}}