{"id":1607,"date":"2022-11-11T09:46:20","date_gmt":"2022-11-11T08:46:20","guid":{"rendered":"https:\/\/plan4x4.com\/?page_id=1607"},"modified":"2022-11-21T16:00:31","modified_gmt":"2022-11-21T15:00:31","slug":"cookie-richtlinie","status":"publish","type":"page","link":"https:\/\/plan4x4.com\/de\/cookie-richtlinie\/","title":{"rendered":"Cookie-Richtlinie"},"content":{"rendered":"<h1>Cookie-Richtlinie<\/h1>\n<ol>\n<li>\n<h3>Cookie<strong><br \/>\n<\/strong><\/h3>\n<p>1.1. Plan4x4 LTD informiert Sie dar\u00fcber, dass diese Website: <a href=\"https:\/\/plan4x4.com\/de\/\">www.plan4x4.es<\/a> (im Folgenden die \u201eWebsite\u201c) Cookies verwendet, die dabei helfen, Ihren Besuch zu optimieren. Wenn Sie weiterhin auf dieser Website surfen, gehen wir davon aus, dass Sie deren Verwendung akzeptieren.<\/p>\n<p>1.2. Ein Cookie ist eine Datei, die auf Ihren Computer heruntergeladen wird, wenn Sie auf bestimmte Webseiten zugreifen. Cookies erm\u00f6glichen es einer Website unter anderem, Informationen \u00fcber die Surfgewohnheiten eines Benutzers oder seiner Ger\u00e4te zu speichern und abzurufen, und je nach den darin enthaltenen Informationen und der Art und Weise, wie sie ihre Ger\u00e4te verwenden, k\u00f6nnen sie verwendet werden, um den Benutzer zu erkennen .<\/p>\n<p>1.3. ANTIMEDIA GROUP, S.L.U. ist durch das K\u00f6nigliche Gesetzesdekret 13\/2012 zur \u00c4nderung des Gesetzes 34\/2002 vom 11. Juli \u00fcber Dienste der Informationsgesellschaft und des elektronischen Handels verpflichtet, den Benutzer \u00fcber die Verwendung von Cookies auf dieser Website zu informieren und seine Zustimmung einzuholen.<\/li>\n<li>\n<h3><strong>Arten von Cookies<\/strong><\/h3>\n<p>2.1. Je nachdem, wer die Dom\u00e4ne verwaltet, von der die Cookies gesendet werden, und die erhaltenen Daten verarbeitet, k\u00f6nnen zwei Arten unterschieden werden: eigene Cookies und Cookies von Drittanbietern.<\/p>\n<p>2.2. Es gibt auch eine zweite Klassifizierung nach der Dauer, die sie im Browser des Clients gespeichert bleiben, wobei es sich um Session-Cookies oder dauerhafte Cookies handeln kann.<\/p>\n<p>2.3. Schlie\u00dflich gibt es eine weitere Klassifizierung mit f\u00fcnf Arten von Cookies nach dem Zweck, f\u00fcr den die erhaltenen Daten verarbeitet werden: technische Cookies, Personalisierungs-Cookies, Analyse-Cookies, Werbe-Cookies und Verhaltens-Werbe-Cookies.<\/li>\n<li>\n<h3><strong>Auf dieser Website verwendete Cookies<\/strong><\/h3>\n<p>3.1. ANTIMEDIA GROUP, S.L.U. verwendet die folgenden analytischen Cookies:<\/p>\n<ul>\n<li>ac_cookies: Technisches und unbedingt erforderliches Cookie, das den Wert enth\u00e4lt, ob die Installation von Cookies akzeptiert wurde. Es l\u00e4uft 1 Jahr nach dem letzten Update ab.<\/li>\n<li>_ga: Google Analytics-Cookie, das die einzigartige Besuchskontrollfunktion erm\u00f6glicht. Wenn ein Benutzer die Website zum ersten Mal \u00fcber einen Browser betritt, wird dieses Cookie installiert. Wenn dieser Benutzer das Web mit demselben Browser erneut betritt, geht das Cookie davon aus, dass es sich um denselben Benutzer handelt. Nur wenn der Benutzer den Browser wechselt, wird er als anderer Benutzer betrachtet. Sie l\u00e4uft 2 Jahre nach dem letzten Update ab.<\/li>\n<li>_gat: Dieses Cookie ist mit Google Analytics Universal verkn\u00fcpft. Es wird zur Begrenzung der Anforderungsrate verwendet &#8211; zur Begrenzung der Datenerfassung auf stark frequentierten Websites. Es l\u00e4uft nach 10 Minuten ab.<\/li>\n<li>_utma: Google Analytics-Cookie, das das Datum des ersten und letzten Besuchs des Benutzers auf der Website aufzeichnet. Sie l\u00e4uft 2 Jahre nach dem letzten Update ab.<\/li>\n<li>_utmb: Google Analytics-Cookie, das die Ankunftszeit auf der Website aufzeichnet. Es l\u00e4uft 30 Minuten nach der letzten Aktualisierung ab.<\/li>\n<li>_utmc: Google Analytics-Cookie, das f\u00fcr die Interoperabilit\u00e4t mit dem Tracking-Code urchin.js verwendet wird. Es wird entfernt, wenn Sie den Browser schlie\u00dfen.<\/li>\n<li>_utmt: Google Analytics-Cookie. Dieses Cookie wird verwendet, um die Art der vom Benutzer angeforderten Anfrage zu verarbeiten. Sie verf\u00e4llt am Ende der Sitzung.<\/li>\n<li>_utmv: Google Analytics-Cookie. Dieses Cookie wird verwendet, um demografische Daten zu segmentieren. Sie verf\u00e4llt am Ende der Sitzung.<\/li>\n<li>_utmz: Google Analytics-Cookie, das die Verkehrsquelle oder eine Kampagne speichert, um zu erkl\u00e4ren, wie der Benutzer auf die Website gelangt ist. Sie l\u00e4uft 6 Monate nach dem letzten Update ab.<\/li>\n<\/ul>\n<p>Sie k\u00f6nnen weitere Informationen dar\u00fcber finden und die Verwendung dieser Cookies deaktivieren, indem Sie auf klicken <a href=\"https:\/\/developers.google.com\/analytics\/devguides\/collection\/analyticsjs\/cookie-usage?hl=es#analyticsjs\" target=\"_blank\" rel=\"noopener\">hier.<\/a><\/p>\n<p>3.2. Durch die Webanalyse werden keine Informationen \u00fcber die personenbezogenen Daten der Nutzer gewonnen, wodurch der Schutz ihrer Privatsph\u00e4re gew\u00e4hrleistet wird. Die erhaltenen Informationen beziehen sich auf die Anzahl der Benutzer, die auf die Website zugreifen, die Anzahl der aufgerufenen Seiten, die H\u00e4ufigkeit und Wiederholung der Besuche, ihre Dauer, den verwendeten Browser, den Betreiber, der den Dienst bereitstellt, die Sprache, das von Ihnen verwendete Endger\u00e4t, oder die Stadt, der Ihre IP-Adresse zugeordnet ist. Informationen, die einen besseren und angemesseneren Service dieser Website erm\u00f6glichen.<\/p>\n<p>3.3. Zus\u00e4tzlich zu den in Punkt 3.2 genannten analytischen Cookies verwendet diese Website technische Cookies, die es dem Benutzer erm\u00f6glichen, durch die Website zu navigieren und die verschiedenen darauf vorhandenen Optionen oder Dienste zu nutzen, wie z. B. die Steuerung des Datenverkehrs und der Datenkommunikation, Identifizieren Sie die Sitzung oder greifen Sie auf Bereiche mit eingeschr\u00e4nktem Zugriff zu. Technische Cookies sind die folgenden:<\/p>\n<ul>\n<li>AUTH_KEY<\/li>\n<li>SECURE_AUTH_KEY<\/li>\n<li>LOGGED_IN_KEY<\/li>\n<li>NONCE_KEY<\/li>\n<li>comment_author<\/li>\n<li>comment_author_email<\/li>\n<li>comment_author_url<\/li>\n<\/ul>\n<p>3.4. Wenn der Benutzer auf die Seiten oder Profile von Plan4x4 LTD In den verschiedenen sozialen Netzwerken akzeptieren Sie die Verwendung von Cookies durch diese.<\/p>\n<p>3.5. Aufgrund der Eigenschaften des Internets verf\u00fcgen wir nicht immer \u00fcber Informationen zu Cookies, die von Dritten \u00fcber diese Website platziert werden. Wenn Sie also auf dieser Website auf diese Art von Cookies sto\u00dfen und sie hier nicht beschrieben werden, teilen Sie uns dies bitte mit. Sie k\u00f6nnen sich auch direkt an den Drittanbieter wenden, um Informationen \u00fcber die von ihm platzierten Cookies, den Zweck und die Dauer des Cookies und wie er die Privatsph\u00e4re der Benutzer gew\u00e4hrleistet, anzufordern.<\/li>\n<li>\n<h3>Modificar la configuraci\u00f3n de las cookies<strong><br \/>\n<\/strong><\/h3>\n<p>4.1. Der Benutzer kann die auf seinem Computer installierten Cookies zulassen, blockieren oder l\u00f6schen, indem er die Optionen des auf seinem Computer installierten Browsers konfiguriert.<\/p>\n<p>4.2. F\u00fcr weitere Informationen \u00fcber Internet Explorer klicken Sie auf <a href=\"http:\/\/windows.microsoft.com\/es-xl\/internet-explorer\/delete-manage-cookies#ie=&quot;ie-10&quot;\" target=\"_blank\" rel=\"noopener\">hier.<\/a><\/p>\n<p>4.3. F\u00fcr weitere Informationen zu FireFox dr\u00fccken Sie <a href=\"http:\/\/support.mozilla.org\/es\/kb\/Borrar%20cookies\" target=\"_blank\" rel=\"noopener\">hier.<\/a><\/p>\n<p>4.4. F\u00fcr weitere Informationen \u00fcber Chrome dr\u00fccken Sie <a href=\"http:\/\/support.google.com\/chrome\/answer\/95647?hl=%22es%22\" target=\"_blank\" rel=\"noopener\">hier.<\/a><\/p>\n<p>4.5. F\u00fcr weitere Informationen \u00fcber Safari dr\u00fccken Sie <a href=\"https:\/\/support.apple.com\/es-es\/HT201265\" target=\"_blank\" rel=\"noopener\">hier.<\/a><\/li>\n<\/ol>\n","protected":false},"excerpt":{"rendered":"<p>Cookie-Richtlinie Cookie 1.1. Plan4x4 LTD informiert Sie dar\u00fcber, dass diese Website: www.plan4x4.es (im Folgenden die \u201eWebsite\u201c) Cookies verwendet, die dabei helfen, Ihren Besuch zu optimieren. Wenn Sie weiterhin auf dieser Website surfen, gehen wir davon aus, dass Sie deren Verwendung akzeptieren. 1.2. Ein Cookie ist eine Datei, die auf Ihren Computer heruntergeladen wird, wenn Sie &hellip;<\/p>\n<p class=\"read-more\"> <a class=\"\" href=\"https:\/\/plan4x4.com\/de\/cookie-richtlinie\/\"> <span class=\"screen-reader-text\">Cookie-Richtlinie<\/span> Read More \u00bb<\/a><\/p>\n","protected":false},"author":9,"featured_media":0,"parent":0,"menu_order":0,"comment_status":"closed","ping_status":"closed","template":"","meta":{"site-sidebar-layout":"default","site-content-layout":"default","ast-global-header-display":"","ast-main-header-display":"","ast-hfb-above-header-display":"","ast-hfb-below-header-display":"","ast-hfb-mobile-header-display":"","site-post-title":"disabled","ast-breadcrumbs-content":"","ast-featured-img":"","footer-sml-layout":"","theme-transparent-header-meta":"default","adv-header-id-meta":"","stick-header-meta":"default","header-above-stick-meta":"","header-main-stick-meta":"","header-below-stick-meta":""},"yoast_head":"<!-- This site is optimized with the Yoast SEO Premium plugin v19.3 (Yoast SEO v19.11) - https:\/\/yoast.com\/wordpress\/plugins\/seo\/ -->\n<title>Cookie-Richtlinie - Plan4x4<\/title>\n<meta name=\"robots\" content=\"noindex, nofollow\" \/>\n<meta property=\"og:locale\" content=\"de_DE\" \/>\n<meta property=\"og:type\" content=\"article\" \/>\n<meta property=\"og:title\" content=\"Cookie-Richtlinie\" \/>\n<meta property=\"og:description\" content=\"Cookie-Richtlinie Cookie 1.1. Plan4x4 LTD informiert Sie dar\u00fcber, dass diese Website: www.plan4x4.es (im Folgenden die \u201eWebsite\u201c) Cookies verwendet, die dabei helfen, Ihren Besuch zu optimieren. Wenn Sie weiterhin auf dieser Website surfen, gehen wir davon aus, dass Sie deren Verwendung akzeptieren. 1.2. Ein Cookie ist eine Datei, die auf Ihren Computer heruntergeladen wird, wenn Sie &hellip; Cookie-Richtlinie Read More \u00bb\" \/>\n<meta property=\"og:url\" content=\"https:\/\/plan4x4.com\/de\/cookie-richtlinie\/\" \/>\n<meta property=\"og:site_name\" content=\"Plan4x4\" \/>\n<meta property=\"article:modified_time\" content=\"2022-11-21T15:00:31+00:00\" \/>\n<meta name=\"twitter:card\" content=\"summary_large_image\" \/>\n<meta name=\"twitter:label1\" content=\"Gesch\u00e4tzte Lesezeit\" \/>\n\t<meta name=\"twitter:data1\" content=\"4\u00a0Minuten\" \/>\n<script type=\"application\/ld+json\" class=\"yoast-schema-graph\">{\"@context\":\"https:\/\/schema.org\",\"@graph\":[{\"@type\":\"WebPage\",\"@id\":\"https:\/\/plan4x4.com\/de\/cookie-richtlinie\/\",\"url\":\"https:\/\/plan4x4.com\/de\/cookie-richtlinie\/\",\"name\":\"Cookie-Richtlinie - Plan4x4\",\"isPartOf\":{\"@id\":\"https:\/\/plan4x4.com\/#website\"},\"datePublished\":\"2022-11-11T08:46:20+00:00\",\"dateModified\":\"2022-11-21T15:00:31+00:00\",\"breadcrumb\":{\"@id\":\"https:\/\/plan4x4.com\/de\/cookie-richtlinie\/#breadcrumb\"},\"inLanguage\":\"de\",\"potentialAction\":[{\"@type\":\"ReadAction\",\"target\":[\"https:\/\/plan4x4.com\/de\/cookie-richtlinie\/\"]}]},{\"@type\":\"BreadcrumbList\",\"@id\":\"https:\/\/plan4x4.com\/de\/cookie-richtlinie\/#breadcrumb\",\"itemListElement\":[{\"@type\":\"ListItem\",\"position\":1,\"name\":\"Home\",\"item\":\"https:\/\/plan4x4.com\/de\/\"},{\"@type\":\"ListItem\",\"position\":2,\"name\":\"Cookie-Richtlinie\"}]},{\"@type\":\"WebSite\",\"@id\":\"https:\/\/plan4x4.com\/#website\",\"url\":\"https:\/\/plan4x4.com\/\",\"name\":\"Plan4x4\",\"description\":\"Plan4x4 LTD | Centro de negocios\",\"publisher\":{\"@id\":\"https:\/\/plan4x4.com\/#organization\"},\"potentialAction\":[{\"@type\":\"SearchAction\",\"target\":{\"@type\":\"EntryPoint\",\"urlTemplate\":\"https:\/\/plan4x4.com\/?s={search_term_string}\"},\"query-input\":\"required name=search_term_string\"}],\"inLanguage\":\"de\"},{\"@type\":\"Organization\",\"@id\":\"https:\/\/plan4x4.com\/#organization\",\"name\":\"Plan4x4\",\"url\":\"https:\/\/plan4x4.com\/\",\"logo\":{\"@type\":\"ImageObject\",\"inLanguage\":\"de\",\"@id\":\"https:\/\/plan4x4.com\/#\/schema\/logo\/image\/\",\"url\":\"https:\/\/plan4x4.com\/wp-content\/uploads\/2022\/10\/plan4x4-logotipo-blanco-rojo.png\",\"contentUrl\":\"https:\/\/plan4x4.com\/wp-content\/uploads\/2022\/10\/plan4x4-logotipo-blanco-rojo.png\",\"width\":1158,\"height\":258,\"caption\":\"Plan4x4\"},\"image\":{\"@id\":\"https:\/\/plan4x4.com\/#\/schema\/logo\/image\/\"}}]}<\/script>\n<!-- \/ Yoast SEO Premium plugin. -->","yoast_head_json":{"title":"Cookie-Richtlinie - Plan4x4","robots":{"index":"noindex","follow":"nofollow"},"og_locale":"de_DE","og_type":"article","og_title":"Cookie-Richtlinie","og_description":"Cookie-Richtlinie Cookie 1.1. Plan4x4 LTD informiert Sie dar\u00fcber, dass diese Website: www.plan4x4.es (im Folgenden die \u201eWebsite\u201c) Cookies verwendet, die dabei helfen, Ihren Besuch zu optimieren. Wenn Sie weiterhin auf dieser Website surfen, gehen wir davon aus, dass Sie deren Verwendung akzeptieren. 1.2. Ein Cookie ist eine Datei, die auf Ihren Computer heruntergeladen wird, wenn Sie &hellip; Cookie-Richtlinie Read More \u00bb","og_url":"https:\/\/plan4x4.com\/de\/cookie-richtlinie\/","og_site_name":"Plan4x4","article_modified_time":"2022-11-21T15:00:31+00:00","twitter_card":"summary_large_image","twitter_misc":{"Gesch\u00e4tzte Lesezeit":"4\u00a0Minuten"},"schema":{"@context":"https:\/\/schema.org","@graph":[{"@type":"WebPage","@id":"https:\/\/plan4x4.com\/de\/cookie-richtlinie\/","url":"https:\/\/plan4x4.com\/de\/cookie-richtlinie\/","name":"Cookie-Richtlinie - Plan4x4","isPartOf":{"@id":"https:\/\/plan4x4.com\/#website"},"datePublished":"2022-11-11T08:46:20+00:00","dateModified":"2022-11-21T15:00:31+00:00","breadcrumb":{"@id":"https:\/\/plan4x4.com\/de\/cookie-richtlinie\/#breadcrumb"},"inLanguage":"de","potentialAction":[{"@type":"ReadAction","target":["https:\/\/plan4x4.com\/de\/cookie-richtlinie\/"]}]},{"@type":"BreadcrumbList","@id":"https:\/\/plan4x4.com\/de\/cookie-richtlinie\/#breadcrumb","itemListElement":[{"@type":"ListItem","position":1,"name":"Home","item":"https:\/\/plan4x4.com\/de\/"},{"@type":"ListItem","position":2,"name":"Cookie-Richtlinie"}]},{"@type":"WebSite","@id":"https:\/\/plan4x4.com\/#website","url":"https:\/\/plan4x4.com\/","name":"Plan4x4","description":"Plan4x4 LTD | Centro de negocios","publisher":{"@id":"https:\/\/plan4x4.com\/#organization"},"potentialAction":[{"@type":"SearchAction","target":{"@type":"EntryPoint","urlTemplate":"https:\/\/plan4x4.com\/?s={search_term_string}"},"query-input":"required name=search_term_string"}],"inLanguage":"de"},{"@type":"Organization","@id":"https:\/\/plan4x4.com\/#organization","name":"Plan4x4","url":"https:\/\/plan4x4.com\/","logo":{"@type":"ImageObject","inLanguage":"de","@id":"https:\/\/plan4x4.com\/#\/schema\/logo\/image\/","url":"https:\/\/plan4x4.com\/wp-content\/uploads\/2022\/10\/plan4x4-logotipo-blanco-rojo.png","contentUrl":"https:\/\/plan4x4.com\/wp-content\/uploads\/2022\/10\/plan4x4-logotipo-blanco-rojo.png","width":1158,"height":258,"caption":"Plan4x4"},"image":{"@id":"https:\/\/plan4x4.com\/#\/schema\/logo\/image\/"}}]}},"_links":{"self":[{"href":"https:\/\/plan4x4.com\/de\/wp-json\/wp\/v2\/pages\/1607"}],"collection":[{"href":"https:\/\/plan4x4.com\/de\/wp-json\/wp\/v2\/pages"}],"about":[{"href":"https:\/\/plan4x4.com\/de\/wp-json\/wp\/v2\/types\/page"}],"author":[{"embeddable":true,"href":"https:\/\/plan4x4.com\/de\/wp-json\/wp\/v2\/users\/9"}],"replies":[{"embeddable":true,"href":"https:\/\/plan4x4.com\/de\/wp-json\/wp\/v2\/comments?post=1607"}],"version-history":[{"count":0,"href":"https:\/\/plan4x4.com\/de\/wp-json\/wp\/v2\/pages\/1607\/revisions"}],"wp:attachment":[{"href":"https:\/\/plan4x4.com\/de\/wp-json\/wp\/v2\/media?parent=1607"}],"curies":[{"name":"wp","href":"https:\/\/api.w.org\/{rel}","templated":true}]}}